{"id":759,"date":"2024-05-13T13:30:43","date_gmt":"2024-05-13T11:30:43","guid":{"rendered":"https:\/\/starmec.eu\/contatti\/"},"modified":"2025-03-31T16:59:44","modified_gmt":"2025-03-31T14:59:44","slug":"kontakte","status":"publish","type":"page","link":"https:\/\/starmec.eu\/de\/kontakte\/","title":{"rendered":"Kontakte"},"content":{"rendered":"<p>[et_pb_section fb_built=&#8220;1&#8243; _builder_version=&#8220;4.25.1&#8243; _module_preset=&#8220;default&#8220; background_color=&#8220;#151515&#8243; global_colors_info=&#8220;{}&#8220;][et_pb_row _builder_version=&#8220;4.25.1&#8243; _module_preset=&#8220;default&#8220; width=&#8220;100%&#8220; max_width=&#8220;90%&#8220; custom_padding=&#8220;8%||8%||true|false&#8220; border_width_bottom=&#8220;1.5px&#8220; global_colors_info=&#8220;{}&#8220;][et_pb_column type=&#8220;4_4&#8243; _builder_version=&#8220;4.25.1&#8243; _module_preset=&#8220;default&#8220; global_colors_info=&#8220;{}&#8220;][et_pb_text _builder_version=&#8220;4.27.4&#8243; _module_preset=&#8220;default&#8220; text_font_size=&#8220;16px&#8220; link_font_size=&#8220;14px&#8220; header_font=&#8220;|||on|||||&#8220; header_text_color=&#8220;#FFFFFF&#8220; header_font_size=&#8220;9em&#8220; hover_enabled=&#8220;0&#8243; header_font_size_tablet=&#8220;6em&#8220; header_font_size_phone=&#8220;3em&#8220; header_font_size_last_edited=&#8220;on|tablet&#8220; global_colors_info=&#8220;{}&#8220; sticky_enabled=&#8220;0&#8243;]<\/p>\n<h1>Kontaktieren Sie uns<\/h1>\n<p>[\/et_pb_text][\/et_pb_column][\/et_pb_row][et_pb_row column_structure=&#8220;1_2,1_6,1_6,1_6&#8243; use_custom_gutter=&#8220;on&#8220; gutter_width=&#8220;2&#8243; _builder_version=&#8220;4.26.0&#8243; _module_preset=&#8220;default&#8220; width=&#8220;100%&#8220; max_width=&#8220;90%&#8220; global_colors_info=&#8220;{}&#8220;][et_pb_column type=&#8220;1_2&#8243; _builder_version=&#8220;4.25.1&#8243; _module_preset=&#8220;default&#8220; global_colors_info=&#8220;{}&#8220;][et_pb_text _builder_version=&#8220;4.25.1&#8243; _module_preset=&#8220;default&#8220; text_font=&#8220;Neue Montreal &#8211; Regular||||||||&#8220; text_font_size=&#8220;16px&#8220; link_font_size=&#8220;14px&#8220; custom_margin=&#8220;||3%||false|false&#8220; text_font_size_tablet=&#8220;22px&#8220; text_font_size_phone=&#8220;18px&#8220; text_font_size_last_edited=&#8220;on|phone&#8220; global_colors_info=&#8220;{}&#8220;]<\/p>\n<p>Wir sind immer auf der Suche nach tollen Kunden, mit denen wir zusammenarbeiten k\u00f6nnen. Senden Sie uns eine E-Mail und wir melden uns so schnell wie m\u00f6glich bei Ihnen.<\/p>\n<p>[\/et_pb_text][\/et_pb_column][et_pb_column type=&#8220;1_6&#8243; _builder_version=&#8220;4.25.1&#8243; _module_preset=&#8220;default&#8220; global_colors_info=&#8220;{}&#8220;][et_pb_text _builder_version=&#8220;4.26.0&#8243; _module_preset=&#8220;default&#8220; text_font=&#8220;|600||on|||||&#8220; text_font_size=&#8220;16px&#8220; link_font_size=&#8220;14px&#8220; custom_margin=&#8220;||3%||false|false&#8220; global_colors_info=&#8220;{}&#8220;]<\/p>\n<p>Allgemeine E-mail<\/p>\n<p>[\/et_pb_text][et_pb_text _builder_version=&#8220;4.26.0&#8243; _module_preset=&#8220;default&#8220; text_font=&#8220;|600|||||||&#8220; text_text_color=&#8220;#FFFFFF&#8220; text_font_size=&#8220;16px&#8220; link_font_size=&#8220;14px&#8220; custom_margin=&#8220;||3%||false|false&#8220; global_colors_info=&#8220;{}&#8220;]<\/p>\n<p><a href=\"mailto:info@starmec.eu\">info@starmec.eu<\/a><\/p>\n<p>[\/et_pb_text][\/et_pb_column][et_pb_column type=&#8220;1_6&#8243; _builder_version=&#8220;4.25.1&#8243; _module_preset=&#8220;default&#8220; global_colors_info=&#8220;{}&#8220;][et_pb_text _builder_version=&#8220;4.25.1&#8243; _module_preset=&#8220;default&#8220; text_font=&#8220;|600||on|||||&#8220; text_font_size=&#8220;16px&#8220; link_font_size=&#8220;14px&#8220; custom_margin=&#8220;||3%||false|false&#8220; global_colors_info=&#8220;{}&#8220;]<\/p>\n<p>Verkaufsb\u00fcro <\/p>\n<p>[\/et_pb_text][et_pb_text _builder_version=&#8220;4.25.1&#8243; _module_preset=&#8220;default&#8220; text_font=&#8220;|600|||||||&#8220; text_text_color=&#8220;#FFFFFF&#8220; text_font_size=&#8220;16px&#8220; link_font_size=&#8220;14px&#8220; custom_margin=&#8220;||3%||false|false&#8220; global_colors_info=&#8220;{}&#8220;]<\/p>\n<p><a href=\"mailto:stefani.ronny@starmec.eu\">stefani.ronny@starmec.eu<\/a><\/p>\n<p>[\/et_pb_text][\/et_pb_column][et_pb_column type=&#8220;1_6&#8243; _builder_version=&#8220;4.25.1&#8243; _module_preset=&#8220;default&#8220; global_colors_info=&#8220;{}&#8220;][et_pb_text _builder_version=&#8220;4.25.1&#8243; _module_preset=&#8220;default&#8220; text_font=&#8220;|600||on|||||&#8220; text_font_size=&#8220;16px&#8220; link_font_size=&#8220;14px&#8220; custom_margin=&#8220;||3%||false|false&#8220; global_colors_info=&#8220;{}&#8220;]<\/p>\n<p>Produktionsb\u00fcro <\/p>\n<p>[\/et_pb_text][et_pb_text _builder_version=&#8220;4.27.2&#8243; _module_preset=&#8220;default&#8220; text_font=&#8220;|600|||||||&#8220; text_text_color=&#8220;#FFFFFF&#8220; text_font_size=&#8220;16px&#8220; link_font_size=&#8220;14px&#8220; custom_margin=&#8220;||3%||false|false&#8220; global_colors_info=&#8220;{}&#8220;]<a href=\"mailto:daminato.cesio@starmec.eu\">daminato.cesio@starmec.eu<\/a>[\/et_pb_text][\/et_pb_column][\/et_pb_row][et_pb_row column_structure=&#8220;1_2,1_6,1_6,1_6&#8243; use_custom_gutter=&#8220;on&#8220; gutter_width=&#8220;2&#8243; _builder_version=&#8220;4.26.0&#8243; _module_preset=&#8220;default&#8220; width=&#8220;100%&#8220; max_width=&#8220;90%&#8220; custom_padding=&#8220;0px||||false|false&#8220; global_colors_info=&#8220;{}&#8220;][et_pb_column type=&#8220;1_2&#8243; _builder_version=&#8220;4.25.1&#8243; _module_preset=&#8220;default&#8220; global_colors_info=&#8220;{}&#8220;][\/et_pb_column][et_pb_column type=&#8220;1_6&#8243; _builder_version=&#8220;4.25.1&#8243; _module_preset=&#8220;default&#8220; global_colors_info=&#8220;{}&#8220;][et_pb_text _builder_version=&#8220;4.25.1&#8243; _module_preset=&#8220;default&#8220; text_font=&#8220;|600||on|||||&#8220; text_font_size=&#8220;16px&#8220; link_font_size=&#8220;14px&#8220; custom_margin=&#8220;||3%||false|false&#8220; global_colors_info=&#8220;{}&#8220;]<\/p>\n<p>Sitz<\/p>\n<p>[\/et_pb_text][et_pb_text _builder_version=&#8220;4.25.1&#8243; _module_preset=&#8220;default&#8220; text_font=&#8220;|600|||||||&#8220; text_text_color=&#8220;#FFFFFF&#8220; text_font_size=&#8220;16px&#8220; link_font_size=&#8220;14px&#8220; custom_margin=&#8220;||3%||false|false&#8220; global_colors_info=&#8220;{}&#8220;]<\/p>\n<p><a href=\"https:\/\/maps.app.goo.gl\/3nh3oP5gdpPPLcTk6\" target=\"_blank\" rel=\"noopener\">Via Astico, 61\/C 36030 Fara Vicentino (VI)<\/a><\/p>\n<p>[\/et_pb_text][\/et_pb_column][et_pb_column type=&#8220;1_6&#8243; _builder_version=&#8220;4.25.1&#8243; _module_preset=&#8220;default&#8220; global_colors_info=&#8220;{}&#8220;][et_pb_text _builder_version=&#8220;4.25.1&#8243; _module_preset=&#8220;default&#8220; text_font=&#8220;|600||on|||||&#8220; text_font_size=&#8220;16px&#8220; link_font_size=&#8220;14px&#8220; custom_margin=&#8220;||3%||false|false&#8220; global_colors_info=&#8220;{}&#8220;]<\/p>\n<p>Telefon<\/p>\n<p>[\/et_pb_text][et_pb_text _builder_version=&#8220;4.25.1&#8243; _module_preset=&#8220;default&#8220; text_font=&#8220;|600|||||||&#8220; text_text_color=&#8220;#FFFFFF&#8220; text_font_size=&#8220;16px&#8220; link_font_size=&#8220;14px&#8220; custom_margin=&#8220;||3%||false|false&#8220; global_colors_info=&#8220;{}&#8220;]<\/p>\n<p><a href=\"tel:+390445308149\">0445 308149<\/a><\/p>\n<p>[\/et_pb_text][\/et_pb_column][et_pb_column type=&#8220;1_6&#8243; _builder_version=&#8220;4.25.1&#8243; _module_preset=&#8220;default&#8220; global_colors_info=&#8220;{}&#8220;][et_pb_text _builder_version=&#8220;4.25.1&#8243; _module_preset=&#8220;default&#8220; text_font=&#8220;|600||on|||||&#8220; text_font_size=&#8220;16px&#8220; link_font_size=&#8220;14px&#8220; custom_margin=&#8220;||3%||false|false&#8220; global_colors_info=&#8220;{}&#8220;]<\/p>\n<p>Social<\/p>\n<p>[\/et_pb_text][et_pb_social_media_follow icon_color=&#8220;#FFFFFF&#8220; use_icon_font_size=&#8220;on&#8220; _builder_version=&#8220;4.25.1&#8243; _module_preset=&#8220;default&#8220; border_radii=&#8220;on|50%|50%|50%|50%&#8220; border_width_all=&#8220;1.5px&#8220; border_color_all=&#8220;#FFFFFF&#8220; global_colors_info=&#8220;{}&#8220;][et_pb_social_media_follow_network social_network=&#8220;facebook&#8220; url=&#8220;https:\/\/www.facebook.com\/STARMEClavorazionimeccaniche&#8220; _builder_version=&#8220;4.25.1&#8243; _module_preset=&#8220;default&#8220; background_enable_color=&#8220;off&#8220; global_colors_info=&#8220;{}&#8220; background__hover_enabled=&#8220;on|hover&#8220; background_color__hover=&#8220;rgba(255,255,255,0.15)&#8220; background_enable_color__hover=&#8220;on&#8220; follow_button=&#8220;off&#8220; url_new_window=&#8220;on&#8220;]facebook[\/et_pb_social_media_follow_network][et_pb_social_media_follow_network social_network=&#8220;instagram&#8220; url=&#8220;https:\/\/www.instagram.com\/starmecsas\/&#8220; _builder_version=&#8220;4.25.1&#8243; _module_preset=&#8220;default&#8220; background_color=&#8220;#ea2c59&#8243; background_enable_color=&#8220;off&#8220; global_colors_info=&#8220;{}&#8220; background__hover_enabled=&#8220;on|hover&#8220; background_color__hover=&#8220;rgba(255,255,255,0.15)&#8220; background_enable_color__hover=&#8220;on&#8220; follow_button=&#8220;off&#8220; url_new_window=&#8220;on&#8220;]instagram[\/et_pb_social_media_follow_network][et_pb_social_media_follow_network social_network=&#8220;linkedin&#8220; url=&#8220;https:\/\/www.linkedin.com\/company\/starmecsas\/&#8220; _builder_version=&#8220;4.25.1&#8243; _module_preset=&#8220;default&#8220; background_enable_color=&#8220;off&#8220; global_colors_info=&#8220;{}&#8220; background__hover_enabled=&#8220;on|hover&#8220; follow_button=&#8220;off&#8220; url_new_window=&#8220;on&#8220;]linkedin[\/et_pb_social_media_follow_network][et_pb_social_media_follow_network social_network=&#8220;youtube&#8220; url=&#8220;https:\/\/www.youtube.com\/channel\/UCnkkatEcdSZJFdhI6DNJHtQ?view_as=subscriber&#8220; _builder_version=&#8220;4.25.1&#8243; _module_preset=&#8220;default&#8220; background_enable_color=&#8220;off&#8220; global_colors_info=&#8220;{}&#8220; background__hover_enabled=&#8220;on|hover&#8220; follow_button=&#8220;off&#8220; url_new_window=&#8220;on&#8220;]youtube[\/et_pb_social_media_follow_network][\/et_pb_social_media_follow][\/et_pb_column][\/et_pb_row][\/et_pb_section][et_pb_section fb_built=&#8220;1&#8243; _builder_version=&#8220;4.25.1&#8243; _module_preset=&#8220;default&#8220; background_color=&#8220;#f7f7f7&#8243; custom_padding=&#8220;0px||0px||true|false&#8220; global_colors_info=&#8220;{}&#8220;][et_pb_row column_structure=&#8220;1_2,1_2&#8243; make_equal=&#8220;on&#8220; module_class=&#8220;reverse&#8220; _builder_version=&#8220;4.25.1&#8243; _module_preset=&#8220;default&#8220; width=&#8220;100%&#8220; max_width=&#8220;100%&#8220; custom_padding=&#8220;0px||0px||true|false&#8220; custom_css_main_element=&#8220;align-items:center;&#8220; global_colors_info=&#8220;{}&#8220;][et_pb_column type=&#8220;1_2&#8243; _builder_version=&#8220;4.25.1&#8243; _module_preset=&#8220;default&#8220; global_colors_info=&#8220;{}&#8220;][et_pb_code raw_content_tablet=&#8220;<iframe src=%22https:\/\/www.google.com\/maps\/embed?pb=!1m18!1m12!1m3!1d5572.345281497109!2d11.543853376750489!3d45.707573317166855!2m3!1f0!2f0!3f0!3m2!1i1024!2i768!4f13.1!3m3!1m2!1s0x4778c9462862f31f%3A0xd2badbea053d4585!2sSTARMEC%20-%20LAVORAZIONI%20MECCANICHE%20DI%20FRESATURA%20SU%20ALLUMINIO!5e0!3m2!1sit!2sit!4v1715606819471!5m2!1sit!2sit%22 width=%22100%%22 height=%22550%22 style=%22border:0;%22 allowfullscreen=%22%22 loading=%22lazy%22 referrerpolicy=%22no-referrer-when-downgrade%22><\/iframe>&#8220; raw_content_phone=&#8220;<iframe src=%22https:\/\/www.google.com\/maps\/embed?pb=!1m18!1m12!1m3!1d5572.345281497109!2d11.543853376750489!3d45.707573317166855!2m3!1f0!2f0!3f0!3m2!1i1024!2i768!4f13.1!3m3!1m2!1s0x4778c9462862f31f%3A0xd2badbea053d4585!2sSTARMEC%20-%20LAVORAZIONI%20MECCANICHE%20DI%20FRESATURA%20SU%20ALLUMINIO!5e0!3m2!1sit!2sit!4v1715606819471!5m2!1sit!2sit%22 width=%22100%%22 height=%22550%22 style=%22border:0;%22 allowfullscreen=%22%22 loading=%22lazy%22 referrerpolicy=%22no-referrer-when-downgrade%22><\/iframe>&#8220; raw_content_last_edited=&#8220;on|tablet&#8220; _builder_version=&#8220;4.25.1&#8243; _module_preset=&#8220;default&#8220; filter_saturate=&#8220;0%&#8220; global_colors_info=&#8220;{}&#8220;]<iframe src=\"https:\/\/www.google.com\/maps\/embed?pb=!1m18!1m12!1m3!1d5572.345281497109!2d11.543853376750489!3d45.707573317166855!2m3!1f0!2f0!3f0!3m2!1i1024!2i768!4f13.1!3m3!1m2!1s0x4778c9462862f31f%3A0xd2badbea053d4585!2sSTARMEC%20-%20LAVORAZIONI%20MECCANICHE%20DI%20FRESATURA%20SU%20ALLUMINIO!5e0!3m2!1sit!2sit!4v1715606819471!5m2!1sit!2sit\" width=\"100%\" height=\"850\" style=\"border:0;\" allowfullscreen=\"\" loading=\"lazy\" referrerpolicy=\"no-referrer-when-downgrade\"><\/iframe>[\/et_pb_code][\/et_pb_column][et_pb_column type=&#8220;1_2&#8243; _builder_version=&#8220;4.25.1&#8243; _module_preset=&#8220;default&#8220; custom_padding=&#8220;|5%|||false|false&#8220; custom_padding_tablet=&#8220;5%|5%|5%|5%|true|false&#8220; custom_padding_phone=&#8220;5%|5%|5%|5%|true|false&#8220; custom_padding_last_edited=&#8220;on|tablet&#8220; global_colors_info=&#8220;{}&#8220;][et_pb_text _builder_version=&#8220;4.25.1&#8243; _module_preset=&#8220;default&#8220; text_font=&#8220;Neue Montreal &#8211; Regular||||||||&#8220; text_font_size=&#8220;22px&#8220; header_2_font=&#8220;|||on|||||&#8220; header_2_text_color=&#8220;#151515&#8243; header_2_font_size=&#8220;2em&#8220; custom_margin=&#8220;||3%||false|false&#8220; text_font_size_tablet=&#8220;22px&#8220; text_font_size_phone=&#8220;18px&#8220; text_font_size_last_edited=&#8220;on|phone&#8220; global_colors_info=&#8220;{}&#8220;]<\/p>\n<h2>Vielen Dank f\u00fcr Ihr Interesse.<\/h2>\n<p>Um weitere Informationen zu unseren Dienstleistungen zu erhalten, geben Sie bitte Ihre pers\u00f6nlichen Daten ein und f\u00fcllen Sie das folgende Formular aus, damit wir Sie mit unserem richtigen Experten in Kontakt bringen k\u00f6nnen.<\/p>\n<p>[\/et_pb_text][dvppl_cf7_styler button_alignment=&#8220;right&#8220; cf7=&#8220;11&#8243; form_background_color=&#8220;RGBA(255,255,255,0)&#8220; form_field_active_color=&#8220;rgba(21,21,21,0.5)&#8220; form_field_spacing=&#8220;10px&#8220; cr_custom_styles=&#8220;on&#8220; cr_size=&#8220;16px&#8220; cr_selected_color=&#8220;#1AC31A&#8220; _builder_version=&#8220;4.25.1&#8243; _module_preset=&#8220;default&#8220; custom_submit_button=&#8220;on&#8220; submit_button_text_size=&#8220;19px&#8220; submit_button_text_color=&#8220;#151515&#8243; submit_button_bg_color=&#8220;RGBA(255,255,255,0)&#8220; submit_button_border_width=&#8220;1.5px&#8220; submit_button_border_color=&#8220;#151515&#8243; submit_button_border_radius=&#8220;100px&#8220; submit_button_font=&#8220;Sk-Modernist &#8211; Bold|||on|||||&#8220; submit_button_custom_padding=&#8220;1.5%|5%|1.5%|5%|true|true&#8220; custom_margin_tablet=&#8220;&#8220; custom_margin_phone=&#8220;10%||||false|false&#8220; custom_margin_last_edited=&#8220;on|phone&#8220; border_radii_field=&#8220;on|20px|20px|20px|20px&#8220; border_width_all_field=&#8220;1px&#8220; border_color_all_field=&#8220;rgba(21,21,21,0.5)&#8220; global_colors_info=&#8220;{}&#8220; submit_button_bg_color__hover_enabled=&#8220;on|hover&#8220; submit_button_bg_color__hover=&#8220;#1AC31A&#8220; submit_button_bg_enable_color__hover=&#8220;on&#8220; submit_button_border_color__hover_enabled=&#8220;on|hover&#8220; submit_button_border_color__hover=&#8220;#1AC31A&#8220; submit_button_text_color__hover_enabled=&#8220;on|desktop&#8220; submit_button_text_color__hover=&#8220;#151515&#8243;][\/dvppl_cf7_styler][\/et_pb_column][\/et_pb_row][\/et_pb_section]<\/p>\n","protected":false},"excerpt":{"rendered":"<p>Kontaktieren Sie unsWir sind immer auf der Suche nach tollen Kunden, mit denen wir zusammenarbeiten k\u00f6nnen. Senden Sie uns eine E-Mail und wir melden uns so schnell wie m\u00f6glich bei Ihnen.Allgemeine E-mailinfo@starmec.euVerkaufsb\u00fcro stefani.ronny@starmec.euProduktionsb\u00fcro daminato.cesio@starmec.euSitzVia Astico, 61\/C 36030 Fara Vicentino (VI)Telefon0445 308149SocialVielen Dank f\u00fcr Ihr Interesse. Um weitere Informationen zu unseren Dienstleistungen zu erhalten, geben Sie [&hellip;]<\/p>\n","protected":false},"author":1,"featured_media":0,"parent":0,"menu_order":6,"comment_status":"closed","ping_status":"closed","template":"","meta":{"_et_pb_use_builder":"on","_et_pb_old_content":"","_et_gb_content_width":"","footnotes":""},"class_list":["post-759","page","type-page","status-publish","hentry"],"yoast_head":"<!-- This site is optimized with the Yoast SEO plugin v24.8 - https:\/\/yoast.com\/wordpress\/plugins\/seo\/ -->\n<title>Kontakte Starmec | Informationen und Support anfordern<\/title>\n<meta name=\"description\" content=\"Haben Sie fragen? Kontaktieren Sie Starmec f\u00fcr Informationen, Angebote und technischen Support. Wir stehen Ihnen f\u00fcr jeden Bedarf zur Verf\u00fcgung.\" \/>\n<meta name=\"robots\" content=\"index, follow, max-snippet:-1, max-image-preview:large, max-video-preview:-1\" \/>\n<link rel=\"canonical\" href=\"https:\/\/starmec.eu\/de\/kontakte\/\" \/>\n<meta property=\"og:locale\" content=\"de_DE\" \/>\n<meta property=\"og:type\" content=\"article\" \/>\n<meta property=\"og:title\" content=\"Kontakte Starmec | Informationen und Support anfordern\" \/>\n<meta property=\"og:description\" content=\"Haben Sie fragen? Kontaktieren Sie Starmec f\u00fcr Informationen, Angebote und technischen Support. Wir stehen Ihnen f\u00fcr jeden Bedarf zur Verf\u00fcgung.\" \/>\n<meta property=\"og:url\" content=\"https:\/\/starmec.eu\/de\/kontakte\/\" \/>\n<meta property=\"og:site_name\" content=\"Starmec\" \/>\n<meta property=\"article:modified_time\" content=\"2025-03-31T14:59:44+00:00\" \/>\n<meta name=\"twitter:card\" content=\"summary_large_image\" \/>\n<meta name=\"twitter:label1\" content=\"Gesch\u00e4tzte Lesezeit\" \/>\n\t<meta name=\"twitter:data1\" content=\"1\u00a0Minute\" \/>\n<script type=\"application\/ld+json\" class=\"yoast-schema-graph\">{\"@context\":\"https:\/\/schema.org\",\"@graph\":[{\"@type\":\"WebPage\",\"@id\":\"https:\/\/starmec.eu\/de\/kontakte\/\",\"url\":\"https:\/\/starmec.eu\/de\/kontakte\/\",\"name\":\"Kontakte Starmec | Informationen und Support anfordern\",\"isPartOf\":{\"@id\":\"https:\/\/starmec.eu\/de\/#website\"},\"datePublished\":\"2024-05-13T11:30:43+00:00\",\"dateModified\":\"2025-03-31T14:59:44+00:00\",\"description\":\"Haben Sie fragen? Kontaktieren Sie Starmec f\u00fcr Informationen, Angebote und technischen Support. Wir stehen Ihnen f\u00fcr jeden Bedarf zur Verf\u00fcgung.\",\"breadcrumb\":{\"@id\":\"https:\/\/starmec.eu\/de\/kontakte\/#breadcrumb\"},\"inLanguage\":\"de\",\"potentialAction\":[{\"@type\":\"ReadAction\",\"target\":[\"https:\/\/starmec.eu\/de\/kontakte\/\"]}]},{\"@type\":\"BreadcrumbList\",\"@id\":\"https:\/\/starmec.eu\/de\/kontakte\/#breadcrumb\",\"itemListElement\":[{\"@type\":\"ListItem\",\"position\":1,\"name\":\"Home\",\"item\":\"https:\/\/starmec.eu\/de\/\"},{\"@type\":\"ListItem\",\"position\":2,\"name\":\"Kontakte\"}]},{\"@type\":\"WebSite\",\"@id\":\"https:\/\/starmec.eu\/de\/#website\",\"url\":\"https:\/\/starmec.eu\/de\/\",\"name\":\"Starmec\",\"description\":\"Lavorazioni meccaniche di precisione\",\"publisher\":{\"@id\":\"https:\/\/starmec.eu\/de\/#organization\"},\"potentialAction\":[{\"@type\":\"SearchAction\",\"target\":{\"@type\":\"EntryPoint\",\"urlTemplate\":\"https:\/\/starmec.eu\/de\/?s={search_term_string}\"},\"query-input\":{\"@type\":\"PropertyValueSpecification\",\"valueRequired\":true,\"valueName\":\"search_term_string\"}}],\"inLanguage\":\"de\"},{\"@type\":\"Organization\",\"@id\":\"https:\/\/starmec.eu\/de\/#organization\",\"name\":\"Starmec\",\"url\":\"https:\/\/starmec.eu\/de\/\",\"logo\":{\"@type\":\"ImageObject\",\"inLanguage\":\"de\",\"@id\":\"https:\/\/starmec.eu\/de\/#\/schema\/logo\/image\/\",\"url\":\"https:\/\/starmec.eu\/wp-content\/uploads\/2024\/05\/logo-starmec-slider.png\",\"contentUrl\":\"https:\/\/starmec.eu\/wp-content\/uploads\/2024\/05\/logo-starmec-slider.png\",\"width\":750,\"height\":355,\"caption\":\"Starmec\"},\"image\":{\"@id\":\"https:\/\/starmec.eu\/de\/#\/schema\/logo\/image\/\"}}]}<\/script>\n<!-- \/ Yoast SEO plugin. -->","yoast_head_json":{"title":"Kontakte Starmec | Informationen und Support anfordern","description":"Haben Sie fragen? Kontaktieren Sie Starmec f\u00fcr Informationen, Angebote und technischen Support. Wir stehen Ihnen f\u00fcr jeden Bedarf zur Verf\u00fcgung.","robots":{"index":"index","follow":"follow","max-snippet":"max-snippet:-1","max-image-preview":"max-image-preview:large","max-video-preview":"max-video-preview:-1"},"canonical":"https:\/\/starmec.eu\/de\/kontakte\/","og_locale":"de_DE","og_type":"article","og_title":"Kontakte Starmec | Informationen und Support anfordern","og_description":"Haben Sie fragen? Kontaktieren Sie Starmec f\u00fcr Informationen, Angebote und technischen Support. Wir stehen Ihnen f\u00fcr jeden Bedarf zur Verf\u00fcgung.","og_url":"https:\/\/starmec.eu\/de\/kontakte\/","og_site_name":"Starmec","article_modified_time":"2025-03-31T14:59:44+00:00","twitter_card":"summary_large_image","twitter_misc":{"Gesch\u00e4tzte Lesezeit":"1\u00a0Minute"},"schema":{"@context":"https:\/\/schema.org","@graph":[{"@type":"WebPage","@id":"https:\/\/starmec.eu\/de\/kontakte\/","url":"https:\/\/starmec.eu\/de\/kontakte\/","name":"Kontakte Starmec | Informationen und Support anfordern","isPartOf":{"@id":"https:\/\/starmec.eu\/de\/#website"},"datePublished":"2024-05-13T11:30:43+00:00","dateModified":"2025-03-31T14:59:44+00:00","description":"Haben Sie fragen? Kontaktieren Sie Starmec f\u00fcr Informationen, Angebote und technischen Support. Wir stehen Ihnen f\u00fcr jeden Bedarf zur Verf\u00fcgung.","breadcrumb":{"@id":"https:\/\/starmec.eu\/de\/kontakte\/#breadcrumb"},"inLanguage":"de","potentialAction":[{"@type":"ReadAction","target":["https:\/\/starmec.eu\/de\/kontakte\/"]}]},{"@type":"BreadcrumbList","@id":"https:\/\/starmec.eu\/de\/kontakte\/#breadcrumb","itemListElement":[{"@type":"ListItem","position":1,"name":"Home","item":"https:\/\/starmec.eu\/de\/"},{"@type":"ListItem","position":2,"name":"Kontakte"}]},{"@type":"WebSite","@id":"https:\/\/starmec.eu\/de\/#website","url":"https:\/\/starmec.eu\/de\/","name":"Starmec","description":"Lavorazioni meccaniche di precisione","publisher":{"@id":"https:\/\/starmec.eu\/de\/#organization"},"potentialAction":[{"@type":"SearchAction","target":{"@type":"EntryPoint","urlTemplate":"https:\/\/starmec.eu\/de\/?s={search_term_string}"},"query-input":{"@type":"PropertyValueSpecification","valueRequired":true,"valueName":"search_term_string"}}],"inLanguage":"de"},{"@type":"Organization","@id":"https:\/\/starmec.eu\/de\/#organization","name":"Starmec","url":"https:\/\/starmec.eu\/de\/","logo":{"@type":"ImageObject","inLanguage":"de","@id":"https:\/\/starmec.eu\/de\/#\/schema\/logo\/image\/","url":"https:\/\/starmec.eu\/wp-content\/uploads\/2024\/05\/logo-starmec-slider.png","contentUrl":"https:\/\/starmec.eu\/wp-content\/uploads\/2024\/05\/logo-starmec-slider.png","width":750,"height":355,"caption":"Starmec"},"image":{"@id":"https:\/\/starmec.eu\/de\/#\/schema\/logo\/image\/"}}]}},"_links":{"self":[{"href":"https:\/\/starmec.eu\/de\/wp-json\/wp\/v2\/pages\/759","targetHints":{"allow":["GET"]}}],"collection":[{"href":"https:\/\/starmec.eu\/de\/wp-json\/wp\/v2\/pages"}],"about":[{"href":"https:\/\/starmec.eu\/de\/wp-json\/wp\/v2\/types\/page"}],"author":[{"embeddable":true,"href":"https:\/\/starmec.eu\/de\/wp-json\/wp\/v2\/users\/1"}],"replies":[{"embeddable":true,"href":"https:\/\/starmec.eu\/de\/wp-json\/wp\/v2\/comments?post=759"}],"version-history":[{"count":5,"href":"https:\/\/starmec.eu\/de\/wp-json\/wp\/v2\/pages\/759\/revisions"}],"predecessor-version":[{"id":926,"href":"https:\/\/starmec.eu\/de\/wp-json\/wp\/v2\/pages\/759\/revisions\/926"}],"wp:attachment":[{"href":"https:\/\/starmec.eu\/de\/wp-json\/wp\/v2\/media?parent=759"}],"curies":[{"name":"wp","href":"https:\/\/api.w.org\/{rel}","templated":true}]}}